{"id":1588,"date":"2020-02-11T10:21:27","date_gmt":"2020-02-11T09:21:27","guid":{"rendered":"https:\/\/waveride.qodeinteractive.com\/?page_id=1588"},"modified":"2022-01-03T12:37:33","modified_gmt":"2022-01-03T11:37:33","slug":"trip","status":"publish","type":"page","link":"https:\/\/privatesurfschoolbiarritz.com\/index.php\/tarifs\/trip\/","title":{"rendered":"Surf trip"},"content":{"rendered":"<p>[vc_row enable_surfer_icon=\u00a0\u00bbno\u00a0\u00bb][vc_column][vc_single_image image=\u00a0\u00bb3122&Prime; img_size=\u00a0\u00bbfull\u00a0\u00bb][\/vc_column][\/vc_row][vc_row enable_surfer_icon=\u00a0\u00bbno\u00a0\u00bb css=\u00a0\u00bb.vc_custom_1579277130626{padding-top: 16px !important;}\u00a0\u00bb][vc_column offset=\u00a0\u00bbvc_col-lg-offset-0 vc_col-lg-6 vc_col-md-offset-0 vc_col-md-12 vc_col-sm-offset-0 vc_col-xs-12&Prime; el_class=\u00a0\u00bbqodef-map\u00a0\u00bb][vc_column_text]<\/p>\n<h4><span style=\"font-weight: bold;\">Trip Surf &amp; Perfectionnement<\/span><\/h4>\n<p>[\/vc_column_text][\/vc_column][vc_column css=\u00a0\u00bb.vc_custom_1550505500194{margin-left: -15px !important;padding-left: 0px !important;}\u00a0\u00bb offset=\u00a0\u00bbvc_col-lg-offset-0 vc_col-lg-6 vc_col-md-offset-0 vc_col-md-12 vc_col-sm-offset-0&Prime;][\/vc_column][\/vc_row][vc_row content_text_aligment=\u00a0\u00bbleft\u00a0\u00bb enable_surfer_icon=\u00a0\u00bbno\u00a0\u00bb css=\u00a0\u00bb.vc_custom_1582543773844{padding-top: 14px !important;}\u00a0\u00bb][vc_column][vc_column_text]Pour les surfeurs confirm\u00e9s qui ont leur mat\u00e9riel et qui veulent d\u00e9couvrir de nouveaux spots[\/vc_column_text][\/vc_column][\/vc_row][vc_row enable_surfer_icon=\u00a0\u00bbno\u00a0\u00bb css=\u00a0\u00bb.vc_custom_1579769032153{padding-top: 61px !important;}\u00a0\u00bb][vc_column offset=\u00a0\u00bbvc_col-lg-offset-0 vc_col-lg-6 vc_col-md-offset-0 vc_col-md-12 vc_col-sm-offset-0 vc_col-xs-12&Prime; el_class=\u00a0\u00bbqodef-map\u00a0\u00bb][vc_column_text]<\/p>\n<h4><span style=\"font-weight: bold;\">Surf Trip<\/span><\/h4>\n<p>[\/vc_column_text][vc_empty_space height=\u00a0\u00bb19px\u00a0\u00bb]<div class=\"qodef-elements-holder   qodef-one-column  qodef-responsive-mode-768 \" ><div class=\"qodef-eh-item    \" style=\"background-image: url(https:\/\/privatesurfschoolbiarritz.com\/wp-content\/uploads\/2020\/01\/service-img-1.jpg)\" data-item-class=\"qodef-eh-custom-3345\" data-1400-1600=\"135px 10px 191px 0px\" data-1025-1399=\"131px 10px 195px 0px\" data-769-1024=\"212px 0px 265px 0\" data-681-768=\"212px 0px 265px 0\" data-680=\"76px 0px 135px 0px\">\n\t<div class=\"qodef-eh-item-inner\">\n\t\t<div class=\"qodef-eh-item-content qodef-eh-custom-3345\" style=\"padding: 133px 10px 193px 0px\">\n\t\t\t<div class=\"qodef-video-button-holder   \">\n            <div class=\"qodef-video-button-image\">\n                    <\/div>\n                    <a class=\"qodef-video-button-play\"  href=\"https:\/\/vimeo.com\/563292893\/408eeaace7\" data-rel=\"prettyPhoto[video_button_pretty_photo_940]\">\n                <span class=\"qodef-video-button-play-inner\">\n                    <span class=\"qodef-icon-dripicons dripicon dripicons-media-play\"><\/span>\n                <\/span>\n            <\/a>\n            <\/div>\t\t<\/div>\n\t<\/div>\n<\/div><\/div>[\/vc_column][vc_column css=\u00a0\u00bb.vc_custom_1550505500194{margin-left: -15px !important;padding-left: 0px !important;}\u00a0\u00bb offset=\u00a0\u00bbvc_col-lg-offset-0 vc_col-lg-6 vc_col-md-offset-0 vc_col-md-12 vc_col-sm-offset-0&Prime;]<div class=\"qodef-elements-holder   qodef-one-column  qodef-responsive-mode-768 \" ><div class=\"qodef-eh-item    \"  data-item-class=\"qodef-eh-custom-8734\" data-769-1024=\"18px 0px 17px 31px\" data-681-768=\"21px 0px 17px 33px\" data-680=\"9px 0px 17px 30px\">\n\t<div class=\"qodef-eh-item-inner\">\n\t\t<div class=\"qodef-eh-item-content qodef-eh-custom-8734\" style=\"padding: 0 0 0 5%\">\n\t\t\t[vc_column_text css=\u00a0\u00bb.vc_custom_1624520697882{margin-top: 0px !important;}\u00a0\u00bb]<\/p>\n<h4><span style=\"font-weight: bold;\">Tarif\/pers.<\/span><\/h4>\n<p>[\/vc_column_text][vc_empty_space height=\u00a0\u00bb8px\u00a0\u00bb][vc_column_text css=\u00a0\u00bb.vc_custom_1624520160300{padding-top: 3px !important;}\u00a0\u00bb]Pour les surfeurs qui on d\u00e9j\u00e0 un peu de niveau et leur mat\u00e9riel groupe de 1 \u00e0 3 personnes. <span class=\"highlight\">Sur les meilleurs spots du pays basque.<\/span>[\/vc_column_text][vc_empty_space height=\u00a0\u00bb5px\u00a0\u00bb]\r\n\t<ul class=\"tt_event_items_list\">\r\n\t\t\r\n\t<li class=\"timetable_clearfix type_info\">\r\n\t\t<label>2 \u00e0 pers. &#8211; 3h<\/label><div class=\"tt_event_text\">120 \u20ac<\/div>\r\n\t<\/li>\r\n\t<li class=\"timetable_clearfix type_info\">\r\n\t\t<label>2-3 pers. 6 h<\/label><div class=\"tt_event_text\">200\u20ac<\/div>\r\n\t<\/li>\r\n\t<\/ul><a itemprop=\"url\" href=\"https:\/\/privatesurfschoolbiarritz.com\/index.php\/contact-us\/\" target=\"_self\" style=\"padding: 13px 37px 10px\" class=\"qodef-btn qodef-btn-large qodef-btn-outline qodef-btn-wave-hover\"  >\n        <span class=\"qodef-btn-text\">Contact<\/span>\n            <span class=\"qodef-btn-wave-holder\" style=\"background-image: url(&quot;data:image\/svg+xml,%3Csvg xmlns=&#039;http:\/\/www.w3.org\/2000\/svg&#039; x=&#039;0px&#039; y=&#039;0px&#039; width=&#039;172px&#039; height=&#039;126px&#039; viewBox=&#039;0 0 172 125.7&#039; enable-background=&#039;0 0 172 125.7&#039; xml:space=&#039;preserve&#039; %3E%3Cpath fill=&#039;%23000000&#039; d=&#039;M173,22.7c-33.9,0-44.7-14.1-88.4-14.1c-43.6,0-54.5,14.1-86,14.1V126l174.4-0.3C173,125.7,173,28.7,173,22.7z&#039;\/%3E%3C\/svg%3E&quot;)\" ><\/span>\n        <\/a>\t\t<\/div>\n\t<\/div>\n<\/div><\/div>[\/vc_column][\/vc_row][vc_row enable_surfer_icon=\u00a0\u00bbno\u00a0\u00bb][vc_column][vc_column_text]<span style=\"font_size: 14px; color: #0de9df;\">*See at Vimeo<\/span><\/p>\n<p>[\/vc_column_text][\/vc_column][\/vc_row][vc_row enable_surfer_icon=\u00a0\u00bbno\u00a0\u00bb css=\u00a0\u00bb.vc_custom_1579771923784{padding-top: 59px !important;}\u00a0\u00bb][vc_column offset=\u00a0\u00bbvc_col-lg-offset-0 vc_col-lg-6 vc_col-md-offset-0 vc_col-md-12 vc_col-sm-offset-0 vc_col-xs-12&Prime; el_class=\u00a0\u00bbqodef-map\u00a0\u00bb][vc_column_text]<\/p>\n<h4><span style=\"font-weight: bold;\">Galerie photo<\/span><\/h4>\n<p>[\/vc_column_text][\/vc_column][vc_column css=\u00a0\u00bb.vc_custom_1550505500194{margin-left: -15px !important;padding-left: 0px !important;}\u00a0\u00bb offset=\u00a0\u00bbvc_col-lg-offset-0 vc_col-lg-6 vc_col-md-offset-0 vc_col-md-12 vc_col-sm-offset-0&Prime;][\/vc_column][\/vc_row][vc_row enable_surfer_icon=\u00a0\u00bbno\u00a0\u00bb css=\u00a0\u00bb.vc_custom_1579772034878{padding-top: 19px !important;}\u00a0\u00bb][vc_column]<div class=\"qodef-image-gallery qodef-grid-list qodef-disable-bottom-space  qodef-ig-grid-type qodef-three-columns qodef-tiny-space  qodef-image-behavior-lightbox\">\n\t<div class=\"qodef-ig-inner qodef-outer-space\">\n\t\t\t\t\t<div class=\"qodef-ig-image qodef-item-space\">\n\t\t\t\t<div class=\"qodef-ig-image-inner\">\n\t\t\t\t\t\t\t\t\t\t\t<a itemprop=\"image\" class=\"qodef-ig-lightbox\" href=\"https:\/\/privatesurfschoolbiarritz.com\/wp-content\/uploads\/2021\/06\/trip-01.jpg\" data-rel=\"prettyPhoto[image_gallery_pretty_photo-493]\" title=\"trip-01\">\n\t\t\t\t\t\t\t\t\t\t\t<img width=\"600\" height=\"466\" src=\"https:\/\/privatesurfschoolbiarritz.com\/wp-content\/uploads\/2021\/06\/trip-01.jpg\" class=\"attachment-full size-full\" alt=\"\" decoding=\"async\" loading=\"lazy\" srcset=\"https:\/\/privatesurfschoolbiarritz.com\/wp-content\/uploads\/2021\/06\/trip-01.jpg 600w, https:\/\/privatesurfschoolbiarritz.com\/wp-content\/uploads\/2021\/06\/trip-01-300x233.jpg 300w\" sizes=\"(max-width: 600px) 100vw, 600px\" \/>\t\t\t\t\t\t\t\t\t\t\t<\/a>\n\t\t\t\t\t\t\t\t\t<\/div>\n\t\t\t<\/div>\n\t\t\t\t\t<div class=\"qodef-ig-image qodef-item-space\">\n\t\t\t\t<div class=\"qodef-ig-image-inner\">\n\t\t\t\t\t\t\t\t\t\t\t<a itemprop=\"image\" class=\"qodef-ig-lightbox\" href=\"https:\/\/privatesurfschoolbiarritz.com\/wp-content\/uploads\/2021\/06\/trip-02.jpg\" data-rel=\"prettyPhoto[image_gallery_pretty_photo-493]\" title=\"trip-02\">\n\t\t\t\t\t\t\t\t\t\t\t<img width=\"600\" height=\"466\" src=\"https:\/\/privatesurfschoolbiarritz.com\/wp-content\/uploads\/2021\/06\/trip-02.jpg\" class=\"attachment-full size-full\" alt=\"\" decoding=\"async\" loading=\"lazy\" srcset=\"https:\/\/privatesurfschoolbiarritz.com\/wp-content\/uploads\/2021\/06\/trip-02.jpg 600w, https:\/\/privatesurfschoolbiarritz.com\/wp-content\/uploads\/2021\/06\/trip-02-300x233.jpg 300w\" sizes=\"(max-width: 600px) 100vw, 600px\" \/>\t\t\t\t\t\t\t\t\t\t\t<\/a>\n\t\t\t\t\t\t\t\t\t<\/div>\n\t\t\t<\/div>\n\t\t\t\t\t<div class=\"qodef-ig-image qodef-item-space\">\n\t\t\t\t<div class=\"qodef-ig-image-inner\">\n\t\t\t\t\t\t\t\t\t\t\t<a itemprop=\"image\" class=\"qodef-ig-lightbox\" href=\"https:\/\/privatesurfschoolbiarritz.com\/wp-content\/uploads\/2021\/06\/trip-03.jpg\" data-rel=\"prettyPhoto[image_gallery_pretty_photo-493]\" title=\"trip-03\">\n\t\t\t\t\t\t\t\t\t\t\t<img width=\"600\" height=\"466\" src=\"https:\/\/privatesurfschoolbiarritz.com\/wp-content\/uploads\/2021\/06\/trip-03.jpg\" class=\"attachment-full size-full\" alt=\"\" decoding=\"async\" loading=\"lazy\" srcset=\"https:\/\/privatesurfschoolbiarritz.com\/wp-content\/uploads\/2021\/06\/trip-03.jpg 600w, https:\/\/privatesurfschoolbiarritz.com\/wp-content\/uploads\/2021\/06\/trip-03-300x233.jpg 300w\" sizes=\"(max-width: 600px) 100vw, 600px\" \/>\t\t\t\t\t\t\t\t\t\t\t<\/a>\n\t\t\t\t\t\t\t\t\t<\/div>\n\t\t\t<\/div>\n\t\t\t<\/div>\n<\/div>[\/vc_column][\/vc_row]<\/p>\n","protected":false},"excerpt":{"rendered":"<p>[vc_row enable_surfer_icon=\u00a0\u00bbno\u00a0\u00bb][vc_column][vc_single_image image=\u00a0\u00bb3122&Prime; img_size=\u00a0\u00bbfull\u00a0\u00bb][\/vc_column][\/vc_row][vc_row enable_surfer_icon=\u00a0\u00bbno\u00a0\u00bb css=\u00a0\u00bb.vc_custom_1579277130626{padding-top: 16px !important;}\u00a0\u00bb][vc_column offset=\u00a0\u00bbvc_col-lg-offset-0 vc_col-lg-6 vc_col-md-offset-0 vc_col-md-12 vc_col-sm-offset-0 vc_col-xs-12&Prime; el_class=\u00a0\u00bbqodef-map\u00a0\u00bb][vc_column_text] Trip Surf &amp; Perfectionnement [\/vc_column_text][\/vc_column][vc_column css=\u00a0\u00bb.vc_custom_1550505500194{margin-left: -15px !important;padding-left: 0px !important;}\u00a0\u00bb offset=\u00a0\u00bbvc_col-lg-offset-0 vc_col-lg-6 vc_col-md-offset-0 vc_col-md-12 vc_col-sm-offset-0&Prime;][\/vc_column][\/vc_row][vc_row content_text_aligment=\u00a0\u00bbleft\u00a0\u00bb enable_surfer_icon=\u00a0\u00bbno\u00a0\u00bb css=\u00a0\u00bb.vc_custom_1582543773844{padding-top: 14px !important;}\u00a0\u00bb][vc_column][vc_column_text]Pour les surfeurs confirm\u00e9s qui ont [&hellip;]<\/p>\n","protected":false},"author":1,"featured_media":0,"parent":1116,"menu_order":0,"comment_status":"closed","ping_status":"closed","template":"","meta":[],"yoast_head":"<!-- This site is optimized with the Yoast SEO Premium plugin v20.0 (Yoast SEO v20.0) - https:\/\/yoast.com\/wordpress\/plugins\/seo\/ -->\n<title>Surf trip - Axel Lerga Private Surf School Biarritz<\/title>\n<meta name=\"robots\" content=\"index, follow, max-snippet:-1, max-image-preview:large, max-video-preview:-1\" \/>\n<link rel=\"canonical\" href=\"https:\/\/privatesurfschoolbiarritz.com\/index.php\/tarifs\/trip\/\" \/>\n<meta property=\"og:locale\" content=\"fr_FR\" \/>\n<meta property=\"og:type\" content=\"article\" \/>\n<meta property=\"og:title\" content=\"Surf trip\" \/>\n<meta property=\"og:description\" content=\"[vc_row enable_surfer_icon=\u00a0\u00bbno\u00a0\u00bb][vc_column][vc_single_image image=\u00a0\u00bb3122&Prime; img_size=\u00a0\u00bbfull\u00a0\u00bb][\/vc_column][\/vc_row][vc_row enable_surfer_icon=\u00a0\u00bbno\u00a0\u00bb css=\u00a0\u00bb.vc_custom_1579277130626{padding-top: 16px !important;}\u00a0\u00bb][vc_column offset=\u00a0\u00bbvc_col-lg-offset-0 vc_col-lg-6 vc_col-md-offset-0 vc_col-md-12 vc_col-sm-offset-0 vc_col-xs-12&Prime; el_class=\u00a0\u00bbqodef-map\u00a0\u00bb][vc_column_text] Trip Surf &amp; Perfectionnement [\/vc_column_text][\/vc_column][vc_column css=\u00a0\u00bb.vc_custom_1550505500194{margin-left: -15px !important;padding-left: 0px !important;}\u00a0\u00bb offset=\u00a0\u00bbvc_col-lg-offset-0 vc_col-lg-6 vc_col-md-offset-0 vc_col-md-12 vc_col-sm-offset-0&Prime;][\/vc_column][\/vc_row][vc_row content_text_aligment=\u00a0\u00bbleft\u00a0\u00bb enable_surfer_icon=\u00a0\u00bbno\u00a0\u00bb css=\u00a0\u00bb.vc_custom_1582543773844{padding-top: 14px !important;}\u00a0\u00bb][vc_column][vc_column_text]Pour les surfeurs confirm\u00e9s qui ont [&hellip;]\" \/>\n<meta property=\"og:url\" content=\"https:\/\/privatesurfschoolbiarritz.com\/index.php\/tarifs\/trip\/\" \/>\n<meta property=\"og:site_name\" content=\"Axel Lerga Private Surf School Biarritz\" \/>\n<meta property=\"article:publisher\" content=\"https:\/\/www.facebook.com\/PrivateSurfSchool\" \/>\n<meta property=\"article:modified_time\" content=\"2022-01-03T11:37:33+00:00\" \/>\n<meta property=\"og:image\" content=\"https:\/\/privatesurfschoolbiarritz.com\/wp-content\/uploads\/2021\/06\/logo.png\" \/>\n\t<meta property=\"og:image:width\" content=\"222\" \/>\n\t<meta property=\"og:image:height\" content=\"222\" \/>\n\t<meta property=\"og:image:type\" content=\"image\/png\" \/>\n<meta name=\"twitter:card\" content=\"summary_large_image\" \/>\n<meta name=\"twitter:label1\" content=\"Dur\u00e9e de lecture estim\u00e9e\" \/>\n\t<meta name=\"twitter:data1\" content=\"3 minutes\" \/>\n<script type=\"application\/ld+json\" class=\"yoast-schema-graph\">{\"@context\":\"https:\/\/schema.org\",\"@graph\":[{\"@type\":\"WebPage\",\"@id\":\"https:\/\/privatesurfschoolbiarritz.com\/index.php\/tarifs\/trip\/\",\"url\":\"https:\/\/privatesurfschoolbiarritz.com\/index.php\/tarifs\/trip\/\",\"name\":\"Surf trip - Axel Lerga Private Surf School Biarritz\",\"isPartOf\":{\"@id\":\"https:\/\/privatesurfschoolbiarritz.com\/#website\"},\"datePublished\":\"2020-02-11T09:21:27+00:00\",\"dateModified\":\"2022-01-03T11:37:33+00:00\",\"breadcrumb\":{\"@id\":\"https:\/\/privatesurfschoolbiarritz.com\/index.php\/tarifs\/trip\/#breadcrumb\"},\"inLanguage\":\"fr-FR\",\"potentialAction\":[{\"@type\":\"ReadAction\",\"target\":[\"https:\/\/privatesurfschoolbiarritz.com\/index.php\/tarifs\/trip\/\"]}]},{\"@type\":\"BreadcrumbList\",\"@id\":\"https:\/\/privatesurfschoolbiarritz.com\/index.php\/tarifs\/trip\/#breadcrumb\",\"itemListElement\":[{\"@type\":\"ListItem\",\"position\":1,\"name\":\"Accueil\",\"item\":\"https:\/\/privatesurfschoolbiarritz.com\/\"},{\"@type\":\"ListItem\",\"position\":2,\"name\":\"tarifs\",\"item\":\"https:\/\/privatesurfschoolbiarritz.com\/index.php\/tarifs\/\"},{\"@type\":\"ListItem\",\"position\":3,\"name\":\"Surf trip\"}]},{\"@type\":\"WebSite\",\"@id\":\"https:\/\/privatesurfschoolbiarritz.com\/#website\",\"url\":\"https:\/\/privatesurfschoolbiarritz.com\/\",\"name\":\"Axel Lerga Private Surf School Biarritz\",\"description\":\"Ecole de surf \u00e0 Biarritz - Pays Basque\",\"publisher\":{\"@id\":\"https:\/\/privatesurfschoolbiarritz.com\/#\/schema\/person\/7b21705bea01c5cd206768aca1081566\"},\"alternateName\":\"Axel Lerga cours de surf Biarritz\",\"potentialAction\":[{\"@type\":\"SearchAction\",\"target\":{\"@type\":\"EntryPoint\",\"urlTemplate\":\"https:\/\/privatesurfschoolbiarritz.com\/?s={search_term_string}\"},\"query-input\":\"required name=search_term_string\"}],\"inLanguage\":\"fr-FR\"},{\"@type\":[\"Person\",\"Organization\"],\"@id\":\"https:\/\/privatesurfschoolbiarritz.com\/#\/schema\/person\/7b21705bea01c5cd206768aca1081566\",\"name\":\"axel\",\"image\":{\"@type\":\"ImageObject\",\"inLanguage\":\"fr-FR\",\"@id\":\"https:\/\/privatesurfschoolbiarritz.com\/#\/schema\/person\/image\/\",\"url\":\"https:\/\/privatesurfschoolbiarritz.com\/wp-content\/uploads\/2021\/06\/logo.png\",\"contentUrl\":\"https:\/\/privatesurfschoolbiarritz.com\/wp-content\/uploads\/2021\/06\/logo.png\",\"width\":222,\"height\":222,\"caption\":\"axel\"},\"logo\":{\"@id\":\"https:\/\/privatesurfschoolbiarritz.com\/#\/schema\/person\/image\/\"},\"sameAs\":[\"https:\/\/www.facebook.com\/PrivateSurfSchool\",\"https:\/\/www.instagram.com\/privatesurfschool_biarritz\/?hl=fr\"]}]}<\/script>\n<!-- \/ Yoast SEO Premium plugin. -->","yoast_head_json":{"title":"Surf trip - Axel Lerga Private Surf School Biarritz","robots":{"index":"index","follow":"follow","max-snippet":"max-snippet:-1","max-image-preview":"max-image-preview:large","max-video-preview":"max-video-preview:-1"},"canonical":"https:\/\/privatesurfschoolbiarritz.com\/index.php\/tarifs\/trip\/","og_locale":"fr_FR","og_type":"article","og_title":"Surf trip","og_description":"[vc_row enable_surfer_icon=\u00a0\u00bbno\u00a0\u00bb][vc_column][vc_single_image image=\u00a0\u00bb3122&Prime; img_size=\u00a0\u00bbfull\u00a0\u00bb][\/vc_column][\/vc_row][vc_row enable_surfer_icon=\u00a0\u00bbno\u00a0\u00bb css=\u00a0\u00bb.vc_custom_1579277130626{padding-top: 16px !important;}\u00a0\u00bb][vc_column offset=\u00a0\u00bbvc_col-lg-offset-0 vc_col-lg-6 vc_col-md-offset-0 vc_col-md-12 vc_col-sm-offset-0 vc_col-xs-12&Prime; el_class=\u00a0\u00bbqodef-map\u00a0\u00bb][vc_column_text] Trip Surf &amp; Perfectionnement [\/vc_column_text][\/vc_column][vc_column css=\u00a0\u00bb.vc_custom_1550505500194{margin-left: -15px !important;padding-left: 0px !important;}\u00a0\u00bb offset=\u00a0\u00bbvc_col-lg-offset-0 vc_col-lg-6 vc_col-md-offset-0 vc_col-md-12 vc_col-sm-offset-0&Prime;][\/vc_column][\/vc_row][vc_row content_text_aligment=\u00a0\u00bbleft\u00a0\u00bb enable_surfer_icon=\u00a0\u00bbno\u00a0\u00bb css=\u00a0\u00bb.vc_custom_1582543773844{padding-top: 14px !important;}\u00a0\u00bb][vc_column][vc_column_text]Pour les surfeurs confirm\u00e9s qui ont [&hellip;]","og_url":"https:\/\/privatesurfschoolbiarritz.com\/index.php\/tarifs\/trip\/","og_site_name":"Axel Lerga Private Surf School Biarritz","article_publisher":"https:\/\/www.facebook.com\/PrivateSurfSchool","article_modified_time":"2022-01-03T11:37:33+00:00","og_image":[{"width":222,"height":222,"url":"https:\/\/privatesurfschoolbiarritz.com\/wp-content\/uploads\/2021\/06\/logo.png","type":"image\/png"}],"twitter_card":"summary_large_image","twitter_misc":{"Dur\u00e9e de lecture estim\u00e9e":"3 minutes"},"schema":{"@context":"https:\/\/schema.org","@graph":[{"@type":"WebPage","@id":"https:\/\/privatesurfschoolbiarritz.com\/index.php\/tarifs\/trip\/","url":"https:\/\/privatesurfschoolbiarritz.com\/index.php\/tarifs\/trip\/","name":"Surf trip - Axel Lerga Private Surf School Biarritz","isPartOf":{"@id":"https:\/\/privatesurfschoolbiarritz.com\/#website"},"datePublished":"2020-02-11T09:21:27+00:00","dateModified":"2022-01-03T11:37:33+00:00","breadcrumb":{"@id":"https:\/\/privatesurfschoolbiarritz.com\/index.php\/tarifs\/trip\/#breadcrumb"},"inLanguage":"fr-FR","potentialAction":[{"@type":"ReadAction","target":["https:\/\/privatesurfschoolbiarritz.com\/index.php\/tarifs\/trip\/"]}]},{"@type":"BreadcrumbList","@id":"https:\/\/privatesurfschoolbiarritz.com\/index.php\/tarifs\/trip\/#breadcrumb","itemListElement":[{"@type":"ListItem","position":1,"name":"Accueil","item":"https:\/\/privatesurfschoolbiarritz.com\/"},{"@type":"ListItem","position":2,"name":"tarifs","item":"https:\/\/privatesurfschoolbiarritz.com\/index.php\/tarifs\/"},{"@type":"ListItem","position":3,"name":"Surf trip"}]},{"@type":"WebSite","@id":"https:\/\/privatesurfschoolbiarritz.com\/#website","url":"https:\/\/privatesurfschoolbiarritz.com\/","name":"Axel Lerga Private Surf School Biarritz","description":"Ecole de surf \u00e0 Biarritz - Pays Basque","publisher":{"@id":"https:\/\/privatesurfschoolbiarritz.com\/#\/schema\/person\/7b21705bea01c5cd206768aca1081566"},"alternateName":"Axel Lerga cours de surf Biarritz","potentialAction":[{"@type":"SearchAction","target":{"@type":"EntryPoint","urlTemplate":"https:\/\/privatesurfschoolbiarritz.com\/?s={search_term_string}"},"query-input":"required name=search_term_string"}],"inLanguage":"fr-FR"},{"@type":["Person","Organization"],"@id":"https:\/\/privatesurfschoolbiarritz.com\/#\/schema\/person\/7b21705bea01c5cd206768aca1081566","name":"axel","image":{"@type":"ImageObject","inLanguage":"fr-FR","@id":"https:\/\/privatesurfschoolbiarritz.com\/#\/schema\/person\/image\/","url":"https:\/\/privatesurfschoolbiarritz.com\/wp-content\/uploads\/2021\/06\/logo.png","contentUrl":"https:\/\/privatesurfschoolbiarritz.com\/wp-content\/uploads\/2021\/06\/logo.png","width":222,"height":222,"caption":"axel"},"logo":{"@id":"https:\/\/privatesurfschoolbiarritz.com\/#\/schema\/person\/image\/"},"sameAs":["https:\/\/www.facebook.com\/PrivateSurfSchool","https:\/\/www.instagram.com\/privatesurfschool_biarritz\/?hl=fr"]}]}},"_links":{"self":[{"href":"https:\/\/privatesurfschoolbiarritz.com\/index.php\/wp-json\/wp\/v2\/pages\/1588"}],"collection":[{"href":"https:\/\/privatesurfschoolbiarritz.com\/index.php\/wp-json\/wp\/v2\/pages"}],"about":[{"href":"https:\/\/privatesurfschoolbiarritz.com\/index.php\/wp-json\/wp\/v2\/types\/page"}],"author":[{"embeddable":true,"href":"https:\/\/privatesurfschoolbiarritz.com\/index.php\/wp-json\/wp\/v2\/users\/1"}],"replies":[{"embeddable":true,"href":"https:\/\/privatesurfschoolbiarritz.com\/index.php\/wp-json\/wp\/v2\/comments?post=1588"}],"version-history":[{"count":11,"href":"https:\/\/privatesurfschoolbiarritz.com\/index.php\/wp-json\/wp\/v2\/pages\/1588\/revisions"}],"predecessor-version":[{"id":3239,"href":"https:\/\/privatesurfschoolbiarritz.com\/index.php\/wp-json\/wp\/v2\/pages\/1588\/revisions\/3239"}],"up":[{"embeddable":true,"href":"https:\/\/privatesurfschoolbiarritz.com\/index.php\/wp-json\/wp\/v2\/pages\/1116"}],"wp:attachment":[{"href":"https:\/\/privatesurfschoolbiarritz.com\/index.php\/wp-json\/wp\/v2\/media?parent=1588"}],"curies":[{"name":"wp","href":"https:\/\/api.w.org\/{rel}","templated":true}]}}