{"id":1208,"date":"2020-02-03T11:29:33","date_gmt":"2020-02-03T10:29:33","guid":{"rendered":"https:\/\/waveride.qodeinteractive.com\/?page_id=1208"},"modified":"2026-05-14T14:24:01","modified_gmt":"2026-05-14T12:24:01","slug":"presentation","status":"publish","type":"page","link":"https:\/\/privatesurfschoolbiarritz.com\/index.php\/presentation\/","title":{"rendered":"presentation"},"content":{"rendered":"<p>[vc_row disable_background_image=\u00a0\u00bb1024&Prime; enable_surfer_icon=\u00a0\u00bbno\u00a0\u00bb css=\u00a0\u00bb.vc_custom_1581599058320{padding-top: 0px !important;padding-bottom: 150px !important;}\u00a0\u00bb simple_background_image=\u00a0\u00bb1224&Prime; background_image_position=\u00a0\u00bbbottom center\u00a0\u00bb simple_background_color=\u00a0\u00bb#ffffff\u00a0\u00bb][vc_column css=\u00a0\u00bb.vc_custom_1580730193678{padding-top: 0px !important;padding-bottom: 0px !important;}\u00a0\u00bb][vc_row_inner css=\u00a0\u00bb.vc_custom_1581599163402{padding-top: 30px !important;}\u00a0\u00bb][vc_column_inner css=\u00a0\u00bb.vc_custom_1580462473292{padding-top: 0px !important;padding-bottom: 0px !important;}\u00a0\u00bb]\n\t\t\t<!-- START Surfing Home REVOLUTION SLIDER 6.4.11 --><p class=\"rs-p-wp-fix\"><\/p>\n\t\t\t<rs-module-wrap id=\"rev_slider_10_1_wrapper\" data-source=\"gallery\" style=\"background:#4bd5cd;padding:0;\">\n\t\t\t\t<rs-module id=\"rev_slider_10_1\" style=\"\" data-version=\"6.4.11\">\n\t\t\t\t\t<rs-slides>\n\t\t\t\t\t\t<rs-slide data-key=\"rs-14\" data-title=\"Slide\" data-thumb=\"\/\/privatesurfschoolbiarritz.com\/wp-content\/uploads\/2026\/04\/parallax-4-50x100.jpg\" data-in=\"o:0;x:100%;\" data-out=\"a:false;\">\n\t\t\t\t\t\t\t<img src=\"\/\/privatesurfschoolbiarritz.com\/wp-content\/uploads\/2026\/04\/parallax-4.jpg\" title=\"parallax-4\" width=\"1920\" height=\"1000\" class=\"rev-slidebg tp-rs-img\" data-no-retina>\n<!---->\t\t\t\t\t\t<\/rs-slide>\n\t\t\t\t\t\t<rs-slide data-key=\"rs-15\" data-title=\"Slide\" data-thumb=\"\/\/privatesurfschoolbiarritz.com\/wp-content\/uploads\/2026\/04\/parallax-3-50x100.jpg\" data-in=\"o:0;x:100%;\" data-out=\"a:false;\">\n\t\t\t\t\t\t\t<img src=\"\/\/privatesurfschoolbiarritz.com\/wp-content\/uploads\/2026\/04\/parallax-3.jpg\" title=\"parallax-3\" width=\"1920\" height=\"1000\" class=\"rev-slidebg tp-rs-img\" data-no-retina>\n<!---->\t\t\t\t\t\t<\/rs-slide>\n\t\t\t\t\t\t<rs-slide data-key=\"rs-16\" data-title=\"Slide\" data-thumb=\"\/\/privatesurfschoolbiarritz.com\/wp-content\/uploads\/2026\/04\/parallax-2-50x100.jpg\" data-in=\"o:0;x:100%;\" data-out=\"a:false;\">\n\t\t\t\t\t\t\t<img src=\"\/\/privatesurfschoolbiarritz.com\/wp-content\/uploads\/2026\/04\/parallax-2.jpg\" title=\"parallax-2\" width=\"1920\" height=\"972\" class=\"rev-slidebg tp-rs-img\" data-no-retina>\n<!---->\t\t\t\t\t\t<\/rs-slide>\n\t\t\t\t\t<\/rs-slides>\n\t\t\t\t\t<rs-static-layers><!--\n\n\t\t\t\t\t\t\t--><rs-layer\n\t\t\t\t\t\t\t\tid=\"slider-10-slide-10-layer-3\" \n\t\t\t\t\t\t\t\tclass=\"rs-layer-static\"\n\t\t\t\t\t\t\t\tdata-type=\"image\"\n\t\t\t\t\t\t\t\tdata-xy=\"x:c;y:m;yo:0,-35px,-35px,-30px;\"\n\t\t\t\t\t\t\t\tdata-text=\"w:normal;s:20,16,8,4;l:0,21,11,6;\"\n\t\t\t\t\t\t\t\tdata-dim=\"w:auto,308px,308px,248px;h:auto,294px,294px,237px;\"\n\t\t\t\t\t\t\t\tdata-basealign=\"slide\"\n\t\t\t\t\t\t\t\tdata-rsp_o=\"off\"\n\t\t\t\t\t\t\t\tdata-rsp_bd=\"off\"\n\t\t\t\t\t\t\t\tdata-onslides=\"s:1;\"\n\t\t\t\t\t\t\t\tdata-frame_0=\"rX:-70deg;oZ:-50;\"\n\t\t\t\t\t\t\t\tdata-frame_1=\"oZ:-50;e:power4.inOut;st:250;sp:1550;sR:250;\"\n\t\t\t\t\t\t\t\tdata-frame_999=\"o:0;st:w;sR:7200;\"\n\t\t\t\t\t\t\t\tstyle=\"z-index:9;\"\n\t\t\t\t\t\t\t><img src=\"\/\/privatesurfschoolbiarritz.com\/wp-content\/uploads\/2026\/04\/h1-rev-img-11.png\" class=\"tp-rs-img\" width=\"450\" height=\"450\" data-no-retina> \n\t\t\t\t\t\t\t<\/rs-layer><!--\n\n\t\t\t\t\t\t\t--><rs-layer\n\t\t\t\t\t\t\t\tid=\"slider-10-slide-10-layer-6\" \n\t\t\t\t\t\t\t\tclass=\"rs-layer-static\"\n\t\t\t\t\t\t\t\tdata-type=\"text\"\n\t\t\t\t\t\t\t\tdata-xy=\"x:c;xo:2px;y:b;yo:61px;\"\n\t\t\t\t\t\t\t\tdata-text=\"w:normal;s:12;ls:3px;fw:700;\"\n\t\t\t\t\t\t\t\tdata-vbility=\"t,t,f,f\"\n\t\t\t\t\t\t\t\tdata-basealign=\"slide\"\n\t\t\t\t\t\t\t\tdata-rsp_o=\"off\"\n\t\t\t\t\t\t\t\tdata-rsp_bd=\"off\"\n\t\t\t\t\t\t\t\tdata-onslides=\"s:1;\"\n\t\t\t\t\t\t\t\tdata-frame_1=\"st:280;sp:1350;sR:280;\"\n\t\t\t\t\t\t\t\tdata-frame_999=\"o:0;st:w;sR:7370;\"\n\t\t\t\t\t\t\t\tstyle=\"z-index:12;font-family:Roboto;\"\n\t\t\t\t\t\t\t>SCROLL \n\t\t\t\t\t\t\t<\/rs-layer><!--\n\n\t\t\t\t\t\t\t--><rs-layer\n\t\t\t\t\t\t\t\tid=\"slider-10-slide-10-layer-8\" \n\t\t\t\t\t\t\t\tclass=\"rs-layer-static\"\n\t\t\t\t\t\t\t\tdata-type=\"text\"\n\t\t\t\t\t\t\t\tdata-xy=\"x:c;y:b;yo:-2px,-1px,-1px,-1px;\"\n\t\t\t\t\t\t\t\tdata-vbility=\"t,t,f,f\"\n\t\t\t\t\t\t\t\tdata-basealign=\"slide\"\n\t\t\t\t\t\t\t\tdata-rsp_o=\"off\"\n\t\t\t\t\t\t\t\tdata-rsp_bd=\"off\"\n\t\t\t\t\t\t\t\tdata-onslides=\"s:1;\"\n\t\t\t\t\t\t\t\tdata-frame_0=\"y:50;\"\n\t\t\t\t\t\t\t\tdata-frame_1=\"e:expo.out;st:280;sp:1370;sR:280;\"\n\t\t\t\t\t\t\t\tdata-frame_999=\"o:0;st:w;sR:7350;\"\n\t\t\t\t\t\t\t\tstyle=\"z-index:13;font-family:Roboto;\"\n\t\t\t\t\t\t\t><div class=\"rev-scroll-wave\"><div><\/div><\/div> \n\t\t\t\t\t\t\t<\/rs-layer><!--\n\t\t\t\t\t--><\/rs-static-layers>\n\t\t\t\t<\/rs-module>\n\t\t\t\t<script type=\"text\/javascript\">\n\t\t\t\t\tsetREVStartSize({c: 'rev_slider_10_1',rl:[1240,1024,778,480],el:[800,645,700,500],gw:[1300,1100,600,300],gh:[800,645,700,500],type:'standard',justify:'',layout:'fullscreen',offsetContainer:'html:not(.touch) .qodef-page-header, html:not(.touch) .qodef-top-bar, html.touch .qodef-mobile-header',offset:'',mh:\"0\"});\n\t\t\t\t\tvar\trevapi10,\n\t\t\t\t\t\ttpj;\n\t\t\t\t\tfunction revinit_revslider101() {\n\t\t\t\t\tjQuery(function() {\n\t\t\t\t\t\ttpj = jQuery;\n\t\t\t\t\t\trevapi10 = tpj(\"#rev_slider_10_1\");\n\t\t\t\t\t\tif(revapi10==undefined || revapi10.revolution == undefined){\n\t\t\t\t\t\t\trevslider_showDoubleJqueryError(\"rev_slider_10_1\");\n\t\t\t\t\t\t}else{\n\t\t\t\t\t\t\trevapi10.revolution({\n\t\t\t\t\t\t\t\tDPR:\"dpr\",\n\t\t\t\t\t\t\t\tsliderLayout:\"fullscreen\",\n\t\t\t\t\t\t\t\tvisibilityLevels:\"1240,1024,778,480\",\n\t\t\t\t\t\t\t\tgridwidth:\"1300,1100,600,300\",\n\t\t\t\t\t\t\t\tgridheight:\"800,645,700,500\",\n\t\t\t\t\t\t\t\tperspective:600,\n\t\t\t\t\t\t\t\tperspectiveType:\"local\",\n\t\t\t\t\t\t\t\teditorheight:\"800,645,700,500\",\n\t\t\t\t\t\t\t\tresponsiveLevels:\"1240,1024,778,480\",\n\t\t\t\t\t\t\t\tdisableForceFullWidth:true,\n\t\t\t\t\t\t\t\tfullScreenOffsetContainer:\"html:not(.touch) .qodef-page-header, html:not(.touch) .qodef-top-bar, html.touch .qodef-mobile-header\",\n\t\t\t\t\t\t\t\tprogressBar:{disableProgressBar:true},\n\t\t\t\t\t\t\t\tnavigation: {\n\t\t\t\t\t\t\t\t\twheelCallDelay:1000,\n\t\t\t\t\t\t\t\t\tonHoverStop:false,\n\t\t\t\t\t\t\t\t\tarrows: {\n\t\t\t\t\t\t\t\t\t\tenable:true,\n\t\t\t\t\t\t\t\t\t\tstyle:\"newnavclass_2\",\n\t\t\t\t\t\t\t\t\t\thide_onmobile:true,\n\t\t\t\t\t\t\t\t\t\thide_under:\"1025px\",\n\t\t\t\t\t\t\t\t\t\tleft: {\n\t\t\t\t\t\t\t\t\t\t\th_offset:30\n\t\t\t\t\t\t\t\t\t\t},\n\t\t\t\t\t\t\t\t\t\tright: {\n\t\t\t\t\t\t\t\t\t\t\th_offset:30\n\t\t\t\t\t\t\t\t\t\t}\n\t\t\t\t\t\t\t\t\t},\n\t\t\t\t\t\t\t\t\tbullets: {\n\t\t\t\t\t\t\t\t\t\tenable:true,\n\t\t\t\t\t\t\t\t\t\ttmp:\"\",\n\t\t\t\t\t\t\t\t\t\tstyle:\"newnavclass_1\",\n\t\t\t\t\t\t\t\t\t\thide_over:\"1025px\",\n\t\t\t\t\t\t\t\t\t\tv_offset:25,\n\t\t\t\t\t\t\t\t\t\tspace:12\n\t\t\t\t\t\t\t\t\t}\n\t\t\t\t\t\t\t\t},\n\t\t\t\t\t\t\t\tfallbacks: {\n\t\t\t\t\t\t\t\t\tallowHTML5AutoPlayOnAndroid:true\n\t\t\t\t\t\t\t\t},\n\t\t\t\t\t\t\t});\n\t\t\t\t\t\t}\n\t\t\t\t\t\t\n\t\t\t\t\t});\n\t\t\t\t\t} \/\/ End of RevInitScript\n\t\t\t\tvar once_revslider101 = false;\n\t\t\t\tif (document.readyState === \"loading\") {document.addEventListener('readystatechange',function() { if((document.readyState === \"interactive\" || document.readyState === \"complete\") && !once_revslider101 ) { once_revslider101 = true; revinit_revslider101();}});} else {once_revslider101 = true; revinit_revslider101();}\n\t\t\t\t<\/script>\n\t\t\t\t<script>\n\t\t\t\t\tvar htmlDivCss = unescape(\"%0A.tparrows.rs-touchhover%20%7B%0A%20%20%20%20background%3A%20transparent%3B%0A%7D%0A.tparrows%7B%0A%09background-color%3A%20transparent%3B%0A%7D%0A.tparrows%3Abefore%7B%0A%09font-family%3A%20%22dripicons-v2%22%3B%0A%20%20%09font-size%3A%2047px%3B%0A%20%20%09transition%3A%20transform%20.3s%20cubic-bezier%280.25%2C%200.46%2C%200.45%2C%200.94%29%3B%0A%7D%0A.tparrows.tp-leftarrow%3Abefore%7B%0A%20%20%09font-family%3A%20%22dripicons-v2%22%3B%0A%20%20%09content%3A%20%22%5C55%22%3B%0A%7D%0A.tparrows.tp-rightarrow%3Abefore%7B%0A%20%20%09font-family%3A%20%22dripicons-v2%22%3B%0A%20%20%09content%3A%20%22%5C56%22%3B%0A%7D%0A.tparrows.tp-leftarrow.rs-touchhover%3Abefore%20%7B%0A%09transform%3A%20translateX%28-5px%29%3B%0A%7D%0A.tparrows.tp-rightarrow.rs-touchhover%3Abefore%20%7B%0A%09transform%3A%20translateX%285px%29%3B%0A%7D%0A.tp-bullet%20%7B%0A%09width%3A%208px%3B%0A%20%20%09height%3A%208px%3B%0A%20%20%09border-radius%3A%20100%25%3B%0A%20%20%09background-color%3A%20%23e1e1e1%3B%0A%20%20%09transform%3A%20scale%281%29%3B%0A%20%20%09transition%3A%20scale%20.2s%20ease-in-out%3B%0A%7D%0A.tp-bullet.selected%2C%0A.tp-bullet.rs-touchhover%7B%0A%09background-color%3A%20%230de9df%3B%0A%20%20%09transform%3A%20scale%281.25%29%3B%0A%20%20%09transition%3A%20scale%20.2s%20ease-in-out%3B%0A%7D%0A\");\n\t\t\t\t\tvar htmlDiv = document.getElementById('rs-plugin-settings-inline-css');\n\t\t\t\t\tif(htmlDiv) {\n\t\t\t\t\t\thtmlDiv.innerHTML = htmlDiv.innerHTML + htmlDivCss;\n\t\t\t\t\t}else{\n\t\t\t\t\t\tvar htmlDiv = document.createElement('div');\n\t\t\t\t\t\thtmlDiv.innerHTML = '<style>' + htmlDivCss + '<\/style>';\n\t\t\t\t\t\tdocument.getElementsByTagName('head')[0].appendChild(htmlDiv.childNodes[0]);\n\t\t\t\t\t}\n\t\t\t\t<\/script>\n\t\t\t\t<script>\n\t\t\t\t\tvar htmlDivCss = unescape(\"%0A%0A%0A%0A%0A%0A\");\n\t\t\t\t\tvar htmlDiv = document.getElementById('rs-plugin-settings-inline-css');\n\t\t\t\t\tif(htmlDiv) {\n\t\t\t\t\t\thtmlDiv.innerHTML = htmlDiv.innerHTML + htmlDivCss;\n\t\t\t\t\t}else{\n\t\t\t\t\t\tvar htmlDiv = document.createElement('div');\n\t\t\t\t\t\thtmlDiv.innerHTML = '<style>' + htmlDivCss + '<\/style>';\n\t\t\t\t\t\tdocument.getElementsByTagName('head')[0].appendChild(htmlDiv.childNodes[0]);\n\t\t\t\t\t}\n\t\t\t\t<\/script>\n\t\t\t<\/rs-module-wrap>\n\t\t\t<!-- END REVOLUTION SLIDER -->\n[\/vc_column_inner][\/vc_row_inner][\/vc_column][\/vc_row][vc_row][vc_column]<div class=\"qodef-section-title-holder  \" style=\"text-align: center\">\n\t<div class=\"qodef-st-inner\">\n                    <span class=\"qodef-st-background-text\" style=\"text-align: left\"><\/span>\n        \t\t\t\t\t<h2 class=\"qodef-st-title\" >\n\t\t\t\tAxel Lerga\t\t\t<\/h2>\n\t\t                        <span class=\"qodef-st-caption\" >Private Surf School Biarritz<\/span>\n        \t\t\t\t\t<\/div>\n<\/div><div class=\"qodef-item-showcase-holder clearfix\"><div class=\"qodef-is-item qodef-is-left\">\n\t<div class=\"qodef-is-content\">\n        \t\t\t\t\t<h4 class=\"qodef-is-title\" >\n\t\t\t\t\t\t\t\tProfessionnel\t\t\t\t\t\t\t<\/h4>\n\t\t\t\t\t\t\t<p class=\"qodef-is-text\" >Axel est dans le monde du surf depuis quarante ans . Ses comp\u00e9tences et son professionnalisme sont reconnus de tous.<\/p>\n\t\t\t<\/div>\n<\/div><div class=\"qodef-is-item qodef-is-left\">\n\t<div class=\"qodef-is-content\">\n        \t\t\t\t\t<h4 class=\"qodef-is-title\" >\n\t\t\t\t\t\t\t\tPedagogue\t\t\t\t\t\t\t<\/h4>\n\t\t\t\t\t\t\t<p class=\"qodef-is-text\" >Dipl\u00f4m\u00e9 depuis 1998, Axel est un professeur qualifi\u00e9 qui a le sens de la p\u00e9dagogie et les qualit\u00e9s d\u2019un bon enseignant\u2009.<\/p>\n\t\t\t<\/div>\n<\/div><div class=\"qodef-is-item qodef-is-left\">\n\t<div class=\"qodef-is-content\">\n        \t\t\t\t\t<h4 class=\"qodef-is-title\" >\n\t\t\t\t\t\t\t\tpatient\t\t\t\t\t\t\t<\/h4>\n\t\t\t\t\t\t\t<p class=\"qodef-is-text\" >Calme et appliqu\u00e9 Axel saura vous mettre dans les meilleures conditions pour vous faire plaisir<\/p>\n\t\t\t<\/div>\n<\/div><div class=\"qodef-is-item qodef-is-right\">\n\t<div class=\"qodef-is-content\">\n        \t\t\t\t\t<h4 class=\"qodef-is-title\" >\n\t\t\t\t\t\t\t\tD\u00e9vou\u00e9\t\t\t\t\t\t\t<\/h4>\n\t\t\t\t\t\t\t<p class=\"qodef-is-text\" >Axel faire preuve d&#039;un grande d\u00e9votion pour son m\u00e9tier et ses \u00e9l\u00e8ves afin de vous mettre dans les meilleures conditions possibles.<\/p>\n\t\t\t<\/div>\n<\/div><div class=\"qodef-is-item qodef-is-right\">\n\t<div class=\"qodef-is-content\">\n        \t\t\t\t\t<h4 class=\"qodef-is-title\" >\n\t\t\t\t\t\t\t\tDisponible\t\t\t\t\t\t\t<\/h4>\n\t\t\t\t\t\t\t<p class=\"qodef-is-text\" >Axel saura sera disponible \u00e0 tous moment pour vous faciliter vos vacances au Pays Basque.<\/p>\n\t\t\t<\/div>\n<\/div><div class=\"qodef-is-item qodef-is-right\">\n\t<div class=\"qodef-is-content\">\n        \t\t\t\t\t<h4 class=\"qodef-is-title\" >\n\t\t\t\t\t\t\t\tsupporter du BO\t\t\t\t\t\t\t<\/h4>\n\t\t\t\t\t\t\t<p class=\"qodef-is-text\" >Et comme personne n est parfait il fallait bien lui trouver un d\u00e9faut, le voil\u00e0.<\/p>\n\t\t\t<\/div>\n<\/div><div class=\"qodef-is-image\" style=\"margin-top: 6px\"><img width=\"622\" height=\"970\" src=\"https:\/\/privatesurfschoolbiarritz.com\/wp-content\/uploads\/2026\/04\/SURFBOARD.png\" class=\"attachment-full size-full\" alt=\"\" decoding=\"async\" loading=\"lazy\" srcset=\"https:\/\/privatesurfschoolbiarritz.com\/wp-content\/uploads\/2026\/04\/SURFBOARD.png 622w, https:\/\/privatesurfschoolbiarritz.com\/wp-content\/uploads\/2026\/04\/SURFBOARD-192x300.png 192w\" sizes=\"(max-width: 622px) 100vw, 622px\" \/><\/div><\/div>[\/vc_column][\/vc_row][vc_row content_text_aligment=\u00a0\u00bbcenter\u00a0\u00bb enable_surfer_icon=\u00a0\u00bbno\u00a0\u00bb css=\u00a0\u00bb.vc_custom_1580737115580{padding-top: 0px !important;}\u00a0\u00bb parallax_background_image=\u00a0\u00bb1222&Prime; parallax_bg_speed=\u00a0\u00bb1.5&Prime; parallax_bg_height=\u00a0\u00bb730px\u00a0\u00bb][vc_column css_animation=\u00a0\u00bbnone\u00a0\u00bb css=\u00a0\u00bb.vc_custom_1624453336585{padding-top: 302px !important;padding-bottom: 302px !important;}\u00a0\u00bb]<div class=\"qodef-video-button-holder   \">\n            <div class=\"qodef-video-button-image\">\n                    <\/div>\n                    <a class=\"qodef-video-button-play\"  href=\"https:\/\/vimeo.com\/563292893\/408eeaace7\" data-rel=\"prettyPhoto[video_button_pretty_photo_389]\">\n                <span class=\"qodef-video-button-play-inner\">\n                    <span class=\"qodef-icon-dripicons dripicon dripicons-media-play\"><\/span>\n                <\/span>\n            <\/a>\n            <\/div>[vc_row_inner][vc_column_inner][\/vc_column_inner][\/vc_row_inner][\/vc_column][\/vc_row]<\/p>\n","protected":false},"excerpt":{"rendered":"<p>[vc_row disable_background_image=\u00a0\u00bb1024&Prime; enable_surfer_icon=\u00a0\u00bbno\u00a0\u00bb css=\u00a0\u00bb.vc_custom_1581599058320{padding-top: 0px !important;padding-bottom: 150px !important;}\u00a0\u00bb simple_background_image=\u00a0\u00bb1224&Prime; background_image_position=\u00a0\u00bbbottom center\u00a0\u00bb simple_background_color=\u00a0\u00bb#ffffff\u00a0\u00bb][vc_column css=\u00a0\u00bb.vc_custom_1580730193678{padding-top: 0px !important;padding-bottom: 0px !important;}\u00a0\u00bb][vc_row_inner css=\u00a0\u00bb.vc_custom_1581599163402{padding-top: 30px !important;}\u00a0\u00bb][vc_column_inner css=\u00a0\u00bb.vc_custom_1580462473292{padding-top: 0px !important;padding-bottom: 0px !important;}\u00a0\u00bb][\/vc_column_inner][\/vc_row_inner][\/vc_column][\/vc_row][vc_row][vc_column][\/vc_column][\/vc_row][vc_row content_text_aligment=\u00a0\u00bbcenter\u00a0\u00bb enable_surfer_icon=\u00a0\u00bbno\u00a0\u00bb css=\u00a0\u00bb.vc_custom_1580737115580{padding-top: 0px !important;}\u00a0\u00bb parallax_background_image=\u00a0\u00bb1222&Prime; parallax_bg_speed=\u00a0\u00bb1.5&Prime; parallax_bg_height=\u00a0\u00bb730px\u00a0\u00bb][vc_column css_animation=\u00a0\u00bbnone\u00a0\u00bb css=\u00a0\u00bb.vc_custom_1624453336585{padding-top: 302px !important;padding-bottom: 302px !important;}\u00a0\u00bb][vc_row_inner][vc_column_inner][\/vc_column_inner][\/vc_row_inner][\/vc_column][\/vc_row]<\/p>\n","protected":false},"author":1,"featured_media":0,"parent":0,"menu_order":0,"comment_status":"closed","ping_status":"closed","template":"full-width.php","meta":[],"yoast_head":"<!-- This site is optimized with the Yoast SEO Premium plugin v20.0 (Yoast SEO v20.0) - https:\/\/yoast.com\/wordpress\/plugins\/seo\/ -->\n<title>presentation - Axel Lerga Private Surf School Biarritz<\/title>\n<meta name=\"robots\" content=\"index, follow, max-snippet:-1, max-image-preview:large, max-video-preview:-1\" \/>\n<link rel=\"canonical\" href=\"https:\/\/privatesurfschoolbiarritz.com\/index.php\/presentation\/\" \/>\n<meta property=\"og:locale\" content=\"fr_FR\" \/>\n<meta property=\"og:type\" content=\"article\" \/>\n<meta property=\"og:title\" content=\"presentation\" \/>\n<meta property=\"og:description\" content=\"[vc_row disable_background_image=\u00a0\u00bb1024&Prime; enable_surfer_icon=\u00a0\u00bbno\u00a0\u00bb css=\u00a0\u00bb.vc_custom_1581599058320{padding-top: 0px !important;padding-bottom: 150px !important;}\u00a0\u00bb simple_background_image=\u00a0\u00bb1224&Prime; background_image_position=\u00a0\u00bbbottom center\u00a0\u00bb simple_background_color=\u00a0\u00bb#ffffff\u00a0\u00bb][vc_column css=\u00a0\u00bb.vc_custom_1580730193678{padding-top: 0px !important;padding-bottom: 0px !important;}\u00a0\u00bb][vc_row_inner css=\u00a0\u00bb.vc_custom_1581599163402{padding-top: 30px !important;}\u00a0\u00bb][vc_column_inner css=\u00a0\u00bb.vc_custom_1580462473292{padding-top: 0px !important;padding-bottom: 0px !important;}\u00a0\u00bb][\/vc_column_inner][\/vc_row_inner][\/vc_column][\/vc_row][vc_row][vc_column][\/vc_column][\/vc_row][vc_row content_text_aligment=\u00a0\u00bbcenter\u00a0\u00bb enable_surfer_icon=\u00a0\u00bbno\u00a0\u00bb css=\u00a0\u00bb.vc_custom_1580737115580{padding-top: 0px !important;}\u00a0\u00bb parallax_background_image=\u00a0\u00bb1222&Prime; parallax_bg_speed=\u00a0\u00bb1.5&Prime; parallax_bg_height=\u00a0\u00bb730px\u00a0\u00bb][vc_column css_animation=\u00a0\u00bbnone\u00a0\u00bb css=\u00a0\u00bb.vc_custom_1624453336585{padding-top: 302px !important;padding-bottom: 302px !important;}\u00a0\u00bb][vc_row_inner][vc_column_inner][\/vc_column_inner][\/vc_row_inner][\/vc_column][\/vc_row]\" \/>\n<meta property=\"og:url\" content=\"https:\/\/privatesurfschoolbiarritz.com\/index.php\/presentation\/\" \/>\n<meta property=\"og:site_name\" content=\"Axel Lerga Private Surf School Biarritz\" \/>\n<meta property=\"article:publisher\" content=\"https:\/\/www.facebook.com\/PrivateSurfSchool\" \/>\n<meta property=\"article:modified_time\" content=\"2026-05-14T12:24:01+00:00\" \/>\n<meta name=\"twitter:card\" content=\"summary_large_image\" \/>\n<meta name=\"twitter:label1\" content=\"Dur\u00e9e de lecture estim\u00e9e\" \/>\n\t<meta name=\"twitter:data1\" content=\"1 minute\" \/>\n<script type=\"application\/ld+json\" class=\"yoast-schema-graph\">{\"@context\":\"https:\/\/schema.org\",\"@graph\":[{\"@type\":\"WebPage\",\"@id\":\"https:\/\/privatesurfschoolbiarritz.com\/index.php\/presentation\/\",\"url\":\"https:\/\/privatesurfschoolbiarritz.com\/index.php\/presentation\/\",\"name\":\"presentation - Axel Lerga Private Surf School Biarritz\",\"isPartOf\":{\"@id\":\"https:\/\/privatesurfschoolbiarritz.com\/#website\"},\"datePublished\":\"2020-02-03T10:29:33+00:00\",\"dateModified\":\"2026-05-14T12:24:01+00:00\",\"breadcrumb\":{\"@id\":\"https:\/\/privatesurfschoolbiarritz.com\/index.php\/presentation\/#breadcrumb\"},\"inLanguage\":\"fr-FR\",\"potentialAction\":[{\"@type\":\"ReadAction\",\"target\":[\"https:\/\/privatesurfschoolbiarritz.com\/index.php\/presentation\/\"]}]},{\"@type\":\"BreadcrumbList\",\"@id\":\"https:\/\/privatesurfschoolbiarritz.com\/index.php\/presentation\/#breadcrumb\",\"itemListElement\":[{\"@type\":\"ListItem\",\"position\":1,\"name\":\"Accueil\",\"item\":\"https:\/\/privatesurfschoolbiarritz.com\/\"},{\"@type\":\"ListItem\",\"position\":2,\"name\":\"presentation\"}]},{\"@type\":\"WebSite\",\"@id\":\"https:\/\/privatesurfschoolbiarritz.com\/#website\",\"url\":\"https:\/\/privatesurfschoolbiarritz.com\/\",\"name\":\"Axel Lerga Private Surf School Biarritz\",\"description\":\"Ecole de surf \u00e0 Biarritz - Pays Basque\",\"publisher\":{\"@id\":\"https:\/\/privatesurfschoolbiarritz.com\/#\/schema\/person\/7b21705bea01c5cd206768aca1081566\"},\"alternateName\":\"Axel Lerga cours de surf Biarritz\",\"potentialAction\":[{\"@type\":\"SearchAction\",\"target\":{\"@type\":\"EntryPoint\",\"urlTemplate\":\"https:\/\/privatesurfschoolbiarritz.com\/?s={search_term_string}\"},\"query-input\":\"required name=search_term_string\"}],\"inLanguage\":\"fr-FR\"},{\"@type\":[\"Person\",\"Organization\"],\"@id\":\"https:\/\/privatesurfschoolbiarritz.com\/#\/schema\/person\/7b21705bea01c5cd206768aca1081566\",\"name\":\"axel\",\"image\":{\"@type\":\"ImageObject\",\"inLanguage\":\"fr-FR\",\"@id\":\"https:\/\/privatesurfschoolbiarritz.com\/#\/schema\/person\/image\/\",\"url\":\"https:\/\/privatesurfschoolbiarritz.com\/wp-content\/uploads\/2021\/06\/logo.png\",\"contentUrl\":\"https:\/\/privatesurfschoolbiarritz.com\/wp-content\/uploads\/2021\/06\/logo.png\",\"width\":222,\"height\":222,\"caption\":\"axel\"},\"logo\":{\"@id\":\"https:\/\/privatesurfschoolbiarritz.com\/#\/schema\/person\/image\/\"},\"sameAs\":[\"https:\/\/www.facebook.com\/PrivateSurfSchool\",\"https:\/\/www.instagram.com\/privatesurfschool_biarritz\/?hl=fr\"]}]}<\/script>\n<!-- \/ Yoast SEO Premium plugin. -->","yoast_head_json":{"title":"presentation - Axel Lerga Private Surf School Biarritz","robots":{"index":"index","follow":"follow","max-snippet":"max-snippet:-1","max-image-preview":"max-image-preview:large","max-video-preview":"max-video-preview:-1"},"canonical":"https:\/\/privatesurfschoolbiarritz.com\/index.php\/presentation\/","og_locale":"fr_FR","og_type":"article","og_title":"presentation","og_description":"[vc_row disable_background_image=\u00a0\u00bb1024&Prime; enable_surfer_icon=\u00a0\u00bbno\u00a0\u00bb css=\u00a0\u00bb.vc_custom_1581599058320{padding-top: 0px !important;padding-bottom: 150px !important;}\u00a0\u00bb simple_background_image=\u00a0\u00bb1224&Prime; background_image_position=\u00a0\u00bbbottom center\u00a0\u00bb simple_background_color=\u00a0\u00bb#ffffff\u00a0\u00bb][vc_column css=\u00a0\u00bb.vc_custom_1580730193678{padding-top: 0px !important;padding-bottom: 0px !important;}\u00a0\u00bb][vc_row_inner css=\u00a0\u00bb.vc_custom_1581599163402{padding-top: 30px !important;}\u00a0\u00bb][vc_column_inner css=\u00a0\u00bb.vc_custom_1580462473292{padding-top: 0px !important;padding-bottom: 0px !important;}\u00a0\u00bb][\/vc_column_inner][\/vc_row_inner][\/vc_column][\/vc_row][vc_row][vc_column][\/vc_column][\/vc_row][vc_row content_text_aligment=\u00a0\u00bbcenter\u00a0\u00bb enable_surfer_icon=\u00a0\u00bbno\u00a0\u00bb css=\u00a0\u00bb.vc_custom_1580737115580{padding-top: 0px !important;}\u00a0\u00bb parallax_background_image=\u00a0\u00bb1222&Prime; parallax_bg_speed=\u00a0\u00bb1.5&Prime; parallax_bg_height=\u00a0\u00bb730px\u00a0\u00bb][vc_column css_animation=\u00a0\u00bbnone\u00a0\u00bb css=\u00a0\u00bb.vc_custom_1624453336585{padding-top: 302px !important;padding-bottom: 302px !important;}\u00a0\u00bb][vc_row_inner][vc_column_inner][\/vc_column_inner][\/vc_row_inner][\/vc_column][\/vc_row]","og_url":"https:\/\/privatesurfschoolbiarritz.com\/index.php\/presentation\/","og_site_name":"Axel Lerga Private Surf School Biarritz","article_publisher":"https:\/\/www.facebook.com\/PrivateSurfSchool","article_modified_time":"2026-05-14T12:24:01+00:00","twitter_card":"summary_large_image","twitter_misc":{"Dur\u00e9e de lecture estim\u00e9e":"1 minute"},"schema":{"@context":"https:\/\/schema.org","@graph":[{"@type":"WebPage","@id":"https:\/\/privatesurfschoolbiarritz.com\/index.php\/presentation\/","url":"https:\/\/privatesurfschoolbiarritz.com\/index.php\/presentation\/","name":"presentation - Axel Lerga Private Surf School Biarritz","isPartOf":{"@id":"https:\/\/privatesurfschoolbiarritz.com\/#website"},"datePublished":"2020-02-03T10:29:33+00:00","dateModified":"2026-05-14T12:24:01+00:00","breadcrumb":{"@id":"https:\/\/privatesurfschoolbiarritz.com\/index.php\/presentation\/#breadcrumb"},"inLanguage":"fr-FR","potentialAction":[{"@type":"ReadAction","target":["https:\/\/privatesurfschoolbiarritz.com\/index.php\/presentation\/"]}]},{"@type":"BreadcrumbList","@id":"https:\/\/privatesurfschoolbiarritz.com\/index.php\/presentation\/#breadcrumb","itemListElement":[{"@type":"ListItem","position":1,"name":"Accueil","item":"https:\/\/privatesurfschoolbiarritz.com\/"},{"@type":"ListItem","position":2,"name":"presentation"}]},{"@type":"WebSite","@id":"https:\/\/privatesurfschoolbiarritz.com\/#website","url":"https:\/\/privatesurfschoolbiarritz.com\/","name":"Axel Lerga Private Surf School Biarritz","description":"Ecole de surf \u00e0 Biarritz - Pays Basque","publisher":{"@id":"https:\/\/privatesurfschoolbiarritz.com\/#\/schema\/person\/7b21705bea01c5cd206768aca1081566"},"alternateName":"Axel Lerga cours de surf Biarritz","potentialAction":[{"@type":"SearchAction","target":{"@type":"EntryPoint","urlTemplate":"https:\/\/privatesurfschoolbiarritz.com\/?s={search_term_string}"},"query-input":"required name=search_term_string"}],"inLanguage":"fr-FR"},{"@type":["Person","Organization"],"@id":"https:\/\/privatesurfschoolbiarritz.com\/#\/schema\/person\/7b21705bea01c5cd206768aca1081566","name":"axel","image":{"@type":"ImageObject","inLanguage":"fr-FR","@id":"https:\/\/privatesurfschoolbiarritz.com\/#\/schema\/person\/image\/","url":"https:\/\/privatesurfschoolbiarritz.com\/wp-content\/uploads\/2021\/06\/logo.png","contentUrl":"https:\/\/privatesurfschoolbiarritz.com\/wp-content\/uploads\/2021\/06\/logo.png","width":222,"height":222,"caption":"axel"},"logo":{"@id":"https:\/\/privatesurfschoolbiarritz.com\/#\/schema\/person\/image\/"},"sameAs":["https:\/\/www.facebook.com\/PrivateSurfSchool","https:\/\/www.instagram.com\/privatesurfschool_biarritz\/?hl=fr"]}]}},"_links":{"self":[{"href":"https:\/\/privatesurfschoolbiarritz.com\/index.php\/wp-json\/wp\/v2\/pages\/1208"}],"collection":[{"href":"https:\/\/privatesurfschoolbiarritz.com\/index.php\/wp-json\/wp\/v2\/pages"}],"about":[{"href":"https:\/\/privatesurfschoolbiarritz.com\/index.php\/wp-json\/wp\/v2\/types\/page"}],"author":[{"embeddable":true,"href":"https:\/\/privatesurfschoolbiarritz.com\/index.php\/wp-json\/wp\/v2\/users\/1"}],"replies":[{"embeddable":true,"href":"https:\/\/privatesurfschoolbiarritz.com\/index.php\/wp-json\/wp\/v2\/comments?post=1208"}],"version-history":[{"count":44,"href":"https:\/\/privatesurfschoolbiarritz.com\/index.php\/wp-json\/wp\/v2\/pages\/1208\/revisions"}],"predecessor-version":[{"id":3225,"href":"https:\/\/privatesurfschoolbiarritz.com\/index.php\/wp-json\/wp\/v2\/pages\/1208\/revisions\/3225"}],"wp:attachment":[{"href":"https:\/\/privatesurfschoolbiarritz.com\/index.php\/wp-json\/wp\/v2\/media?parent=1208"}],"curies":[{"name":"wp","href":"https:\/\/api.w.org\/{rel}","templated":true}]}}